{"id":6355,"date":"2024-11-20T17:07:27","date_gmt":"2024-11-20T16:07:27","guid":{"rendered":"http:\/\/euroclick.se\/tack-sa-mycket\/"},"modified":"2024-11-28T11:20:23","modified_gmt":"2024-11-28T10:20:23","slug":"tack-sa-mycket","status":"publish","type":"page","link":"https:\/\/euroclick.se\/sv\/tack-sa-mycket\/","title":{"rendered":"Tack s\u00e5 mycket"},"content":{"rendered":"\t\t<div data-elementor-type=\"wp-page\" data-elementor-id=\"6355\" class=\"elementor elementor-6355 elementor-5624\" data-elementor-post-type=\"page\">\n\t\t\t\t\t\t<section class=\"elementor-section elementor-top-section elementor-element elementor-element-1e324e33 elementor-section-boxed elementor-section-height-default elementor-section-height-default\" data-id=\"1e324e33\" data-element_type=\"section\" data-e-type=\"section\" data-settings=\"{&quot;background_background&quot;:&quot;video&quot;,&quot;background_video_link&quot;:&quot;https:\\\/\\\/youtu.be\\\/mj4OjSnJ20s&quot;,&quot;background_video_start&quot;:0,&quot;background_play_on_mobile&quot;:&quot;yes&quot;,&quot;background_video_end&quot;:0}\">\n\t\t\t\t\t\t\t\t<div class=\"elementor-background-video-container\">\n\t\t\t\t\t\t\t\t\t\t\t\t\t<div class=\"elementor-background-video-embed\" role=\"presentation\"><\/div>\n\t\t\t\t\t\t\t\t\t\t\t\t<\/div>\n\t\t\t\t\t\t\t\t\t<div class=\"elementor-background-overlay\"><\/div>\n\t\t\t\t\t\t\t<div class=\"elementor-container elementor-column-gap-default\">\n\t\t\t\t\t<div class=\"elementor-column elementor-col-100 elementor-top-column elementor-element elementor-element-7114379c\" data-id=\"7114379c\" data-element_type=\"column\" data-e-type=\"column\">\n\t\t\t<div class=\"elementor-widget-wrap elementor-element-populated\">\n\t\t\t\t\t\t\t<\/div>\n\t\t<\/div>\n\t\t\t\t\t<\/div>\n\t\t<\/section>\n\t\t\t\t<section class=\"elementor-section elementor-top-section elementor-element elementor-element-79a9ce elementor-section-boxed elementor-section-height-default elementor-section-height-default\" data-id=\"79a9ce\" data-element_type=\"section\" data-e-type=\"section\" data-settings=\"{&quot;background_background&quot;:&quot;video&quot;,&quot;background_video_start&quot;:0,&quot;background_play_on_mobile&quot;:&quot;yes&quot;}\">\n\t\t\t\t\t\t\t<div class=\"elementor-background-overlay\"><\/div>\n\t\t\t\t\t\t\t<div class=\"elementor-container elementor-column-gap-default\">\n\t\t\t\t\t<div class=\"elementor-column elementor-col-100 elementor-top-column elementor-element elementor-element-56fd5fbc\" data-id=\"56fd5fbc\" data-element_type=\"column\" data-e-type=\"column\">\n\t\t\t<div class=\"elementor-widget-wrap elementor-element-populated\">\n\t\t\t\t\t\t<div class=\"elementor-element elementor-element-51e1aee7 elementor-icon-list--layout-inline elementor-align-start elementor-list-item-link-full_width elementor-widget elementor-widget-icon-list\" data-id=\"51e1aee7\" data-element_type=\"widget\" data-e-type=\"widget\" data-widget_type=\"icon-list.default\">\n\t\t\t\t\t\t\t<ul class=\"elementor-icon-list-items elementor-inline-items\">\n\t\t\t\t\t\t\t<li class=\"elementor-icon-list-item elementor-inline-item\">\n\t\t\t\t\t\t\t\t\t\t\t<a href=\"https:\/\/euroclick.se\/sv\/\">\n\n\t\t\t\t\t\t\t\t\t\t\t<span class=\"elementor-icon-list-text\">Hem<\/span>\n\t\t\t\t\t\t\t\t\t\t\t<\/a>\n\t\t\t\t\t\t\t\t\t<\/li>\n\t\t\t\t\t\t\t\t<li class=\"elementor-icon-list-item elementor-inline-item\">\n\t\t\t\t\t\t\t\t\t\t\t<span class=\"elementor-icon-list-icon\">\n\t\t\t\t\t\t\t<svg aria-hidden=\"true\" class=\"e-font-icon-svg e-fas-chevron-right\" viewBox=\"0 0 320 512\" xmlns=\"http:\/\/www.w3.org\/2000\/svg\"><path d=\"M285.476 272.971L91.132 467.314c-9.373 9.373-24.569 9.373-33.941 0l-22.667-22.667c-9.357-9.357-9.375-24.522-.04-33.901L188.505 256 34.484 101.255c-9.335-9.379-9.317-24.544.04-33.901l22.667-22.667c9.373-9.373 24.569-9.373 33.941 0L285.475 239.03c9.373 9.372 9.373 24.568.001 33.941z\"><\/path><\/svg>\t\t\t\t\t\t<\/span>\n\t\t\t\t\t\t\t\t\t\t<span class=\"elementor-icon-list-text\"><\/span>\n\t\t\t\t\t\t\t\t\t<\/li>\n\t\t\t\t\t\t<\/ul>\n\t\t\t\t\t\t<\/div>\n\t\t\t\t\t<\/div>\n\t\t<\/div>\n\t\t\t\t\t<\/div>\n\t\t<\/section>\n\t\t\t\t<section class=\"elementor-section elementor-top-section elementor-element elementor-element-22718f5e elementor-section-boxed elementor-section-height-default elementor-section-height-default\" data-id=\"22718f5e\" data-element_type=\"section\" data-e-type=\"section\">\n\t\t\t\t\t\t<div class=\"elementor-container elementor-column-gap-default\">\n\t\t\t\t\t<div class=\"elementor-column elementor-col-100 elementor-top-column elementor-element elementor-element-60750bec\" data-id=\"60750bec\" data-element_type=\"column\" data-e-type=\"column\">\n\t\t\t<div class=\"elementor-widget-wrap elementor-element-populated\">\n\t\t\t\t\t\t<div class=\"elementor-element elementor-element-46d5464b elementor-widget elementor-widget-heading\" data-id=\"46d5464b\" data-element_type=\"widget\" data-e-type=\"widget\" data-widget_type=\"heading.default\">\n\t\t\t\t\t<h2 class=\"elementor-heading-title elementor-size-default\">Tack f\u00f6r att du h\u00f6rde av dig!<\/h2>\t\t\t\t<\/div>\n\t\t\t\t<div class=\"elementor-element elementor-element-6f0da47 elementor-widget elementor-widget-text-editor\" data-id=\"6f0da47\" data-element_type=\"widget\" data-e-type=\"widget\" data-widget_type=\"text-editor.default\">\n\t\t\t\t\t\t\t\t\t<p><img data-aspectratio=\"165\/165\" decoding=\"async\" data-aspectratio=\"165\/165\" src=\"data:image\/gif;base64,R0lGODlhAQABAIAAAAAAAP\/\/\/yH5BAEAAAAALAAAAAABAAEAAAIBRAA7\" class=\" wp-image-5637 alignleft lazyload\" data-src=\"http:\/\/euroclick.se\/wp-content\/uploads\/2024\/11\/Euroclick-Thank-you-500x500.png\" alt=\"\" width=\"165\" height=\"165\"><\/p>\n<p><span style=\"color: #ff0000;\"><strong>Vi uppskattar att du kontaktade oss p\u00e5 EuroClick.<\/strong><\/span><br \/><span style=\"color: #000000;\">Ditt meddelande har skickats och vi ser fram emot att f\u00e5 kontakt med dig!  <\/span><\/p>\n<p><span style=\"color: #ff0000;\"><strong>Vad h\u00e4nder h\u00e4rn\u00e4st?<\/strong><\/span><br \/><span style=\"color: #000000;\">En av v\u00e5ra medarbetare kommer att granska din beg\u00e4ran och \u00e5terkomma till dig s\u00e5 snart som m\u00f6jligt. Vi str\u00e4var efter att svara inom 24 timmar.<\/span><\/p>\n\t\t\t\t\t\t\t\t<\/div>\n\t\t\t\t\t<\/div>\n\t\t<\/div>\n\t\t\t\t\t<\/div>\n\t\t<\/section>\n\t\t<div class=\"elementor-element elementor-element-626d05ef e-grid e-con-boxed e-con e-parent\" data-id=\"626d05ef\" data-element_type=\"container\" data-e-type=\"container\" data-settings=\"{&quot;background_background&quot;:&quot;classic&quot;}\">\n\t\t\t\t\t<div class=\"e-con-inner\">\n\t\t<div class=\"elementor-element elementor-element-7cb63a4e e-con-full e-flex e-con e-child\" data-id=\"7cb63a4e\" data-element_type=\"container\" data-e-type=\"container\">\n\t\t\t\t<div class=\"elementor-element elementor-element-d6ff78f elementor-widget elementor-widget-heading\" data-id=\"d6ff78f\" data-element_type=\"widget\" data-e-type=\"widget\" data-widget_type=\"heading.default\">\n\t\t\t\t\t<h2 class=\"elementor-heading-title elementor-size-default\">Under tiden \u00e4r du v\u00e4lkommen att:<\/h2>\t\t\t\t<\/div>\n\t\t<div class=\"elementor-element elementor-element-1a6da716 e-con-full e-flex e-con e-child\" data-id=\"1a6da716\" data-element_type=\"container\" data-e-type=\"container\">\n\t\t<div class=\"elementor-element elementor-element-4390957d e-con-full e-grid e-con e-child\" data-id=\"4390957d\" data-element_type=\"container\" data-e-type=\"container\">\n\t\t<div class=\"elementor-element elementor-element-43207fe5 e-grid e-con-full e-con e-child\" data-id=\"43207fe5\" data-element_type=\"container\" data-e-type=\"container\">\n\t\t\t\t<div class=\"elementor-element elementor-element-7cf207f5 elementor-widget elementor-widget-icon-box\" data-id=\"7cf207f5\" data-element_type=\"widget\" data-e-type=\"widget\" data-widget_type=\"icon-box.default\">\n\t\t\t\t\t\t\t<div class=\"elementor-icon-box-wrapper\">\n\n\t\t\t\n\t\t\t\t\t\t<div class=\"elementor-icon-box-content\">\n\n\t\t\t\t\t\t\t\t\t<h3 class=\"elementor-icon-box-title\">\n\t\t\t\t\t\t<a href=\"https:\/\/euroclick.se\/services\/\" >\n\t\t\t\t\t\t\tUtforska v\u00e5ra tj\u00e4nster\t\t\t\t\t\t<\/a>\n\t\t\t\t\t<\/h3>\n\t\t\t\t\n\t\t\t\t\n\t\t\t<\/div>\n\t\t\t\n\t\t<\/div>\n\t\t\t\t\t\t<\/div>\n\t\t\t\t<div class=\"elementor-element elementor-element-3492e093 elementor-widget elementor-widget-icon-box\" data-id=\"3492e093\" data-element_type=\"widget\" data-e-type=\"widget\" data-widget_type=\"icon-box.default\">\n\t\t\t\t\t\t\t<div class=\"elementor-icon-box-wrapper\">\n\n\t\t\t\n\t\t\t\t\t\t<div class=\"elementor-icon-box-content\">\n\n\t\t\t\t\t\t\t\t\t<h3 class=\"elementor-icon-box-title\">\n\t\t\t\t\t\t<a href=\"https:\/\/euroclick.se\/references\/\" >\n\t\t\t\t\t\t\tKolla in v\u00e5ra senaste projekt\t\t\t\t\t\t<\/a>\n\t\t\t\t\t<\/h3>\n\t\t\t\t\n\t\t\t\t\n\t\t\t<\/div>\n\t\t\t\n\t\t<\/div>\n\t\t\t\t\t\t<\/div>\n\t\t\t\t<\/div>\n\t\t\t\t<\/div>\n\t\t\t\t<\/div>\n\t\t\t\t<\/div>\n\t\t\t\t\t<\/div>\n\t\t\t\t<\/div>\n\t\t\t\t<\/div>\n\t\t","protected":false},"excerpt":{"rendered":"<p>Hem Tack f\u00f6r att du h\u00f6rde av dig! Vi uppskattar att du kontaktade oss p\u00e5 EuroClick.Ditt meddelande har skickats och vi ser fram emot att f\u00e5 kontakt med dig! Vad h\u00e4nder h\u00e4rn\u00e4st?En av v\u00e5ra medarbetare kommer att granska din beg\u00e4ran och \u00e5terkomma till dig s\u00e5 snart som m\u00f6jligt. Vi str\u00e4var efter att svara inom 24 [&hellip;]<\/p>\n","protected":false},"author":2,"featured_media":6356,"parent":0,"menu_order":0,"comment_status":"closed","ping_status":"closed","template":"","meta":{"_mo_disable_npp":"","footnotes":""},"class_list":["post-6355","page","type-page","status-publish","has-post-thumbnail","hentry"],"yoast_head":"<!-- This site is optimized with the Yoast SEO Premium plugin v22.2 (Yoast SEO v27.4) - https:\/\/yoast.com\/product\/yoast-seo-premium-wordpress\/ -->\n<title>Tack s\u00e5 mycket - EuroClick<\/title>\n<meta name=\"description\" content=\"Tack f\u00f6r att du kontaktade EuroClick! Vi har f\u00e5tt ditt meddelande. Utforska v\u00e5ra tj\u00e4nster inom webbdesign, SEO, e-handel och marknadsf\u00f6ring f\u00f6r att hj\u00e4lpa dig\" \/>\n<meta name=\"robots\" content=\"index, follow, max-snippet:-1, max-image-preview:large, max-video-preview:-1\" \/>\n<link rel=\"canonical\" href=\"https:\/\/euroclick.se\/sv\/tack-sa-mycket\/\" \/>\n<meta property=\"og:locale\" content=\"sv_SE\" \/>\n<meta property=\"og:type\" content=\"article\" \/>\n<meta property=\"og:title\" content=\"Tack s\u00e5 mycket\" \/>\n<meta property=\"og:description\" content=\"Tack f\u00f6r att du kontaktade EuroClick! Ditt meddelande har mottagits p\u00e5 ett framg\u00e5ngsrikt s\u00e4tt. Uppt\u00e4ck hur v\u00e5ra tj\u00e4nster inom webbdesign, SEO, e-handel och digital marknadsf\u00f6ring kan hj\u00e4lpa ditt f\u00f6retag att v\u00e4xa. Vi \u00e5terkommer till dig inom kort!\" \/>\n<meta property=\"og:url\" content=\"https:\/\/euroclick.se\/sv\/tack-sa-mycket\/\" \/>\n<meta property=\"og:site_name\" content=\"EuroClick\" \/>\n<meta property=\"article:publisher\" content=\"https:\/\/www.facebook.com\/euroclick.ab\" \/>\n<meta property=\"article:modified_time\" content=\"2024-11-28T10:20:23+00:00\" \/>\n<meta property=\"og:image\" content=\"https:\/\/euroclick.se\/wp-content\/uploads\/2024\/11\/Euroclick-Thank-you.webp\" \/>\n\t<meta property=\"og:image:width\" content=\"1500\" \/>\n\t<meta property=\"og:image:height\" content=\"1500\" \/>\n\t<meta property=\"og:image:type\" content=\"image\/png\" \/>\n<meta name=\"twitter:card\" content=\"summary_large_image\" \/>\n<script type=\"application\/ld+json\" class=\"yoast-schema-graph\">{\"@context\":\"https:\\\/\\\/schema.org\",\"@graph\":[{\"@type\":\"WebPage\",\"@id\":\"https:\\\/\\\/euroclick.se\\\/sv\\\/tack-sa-mycket\\\/\",\"url\":\"https:\\\/\\\/euroclick.se\\\/sv\\\/tack-sa-mycket\\\/\",\"name\":\"Tack s\u00e5 mycket - EuroClick\",\"isPartOf\":{\"@id\":\"https:\\\/\\\/euroclick.se\\\/sv\\\/#website\"},\"primaryImageOfPage\":{\"@id\":\"https:\\\/\\\/euroclick.se\\\/sv\\\/tack-sa-mycket\\\/#primaryimage\"},\"image\":{\"@id\":\"https:\\\/\\\/euroclick.se\\\/sv\\\/tack-sa-mycket\\\/#primaryimage\"},\"thumbnailUrl\":\"https:\\\/\\\/euroclick.se\\\/wp-content\\\/uploads\\\/2024\\\/11\\\/Euroclick-Thank-you.webp\",\"datePublished\":\"2024-11-20T16:07:27+00:00\",\"dateModified\":\"2024-11-28T10:20:23+00:00\",\"description\":\"Tack f\u00f6r att du kontaktade EuroClick! Vi har f\u00e5tt ditt meddelande. Utforska v\u00e5ra tj\u00e4nster inom webbdesign, SEO, e-handel och marknadsf\u00f6ring f\u00f6r att hj\u00e4lpa dig\",\"breadcrumb\":{\"@id\":\"https:\\\/\\\/euroclick.se\\\/sv\\\/tack-sa-mycket\\\/#breadcrumb\"},\"inLanguage\":\"sv-SE\",\"potentialAction\":[{\"@type\":\"ReadAction\",\"target\":[\"https:\\\/\\\/euroclick.se\\\/sv\\\/tack-sa-mycket\\\/\"]}]},{\"@type\":\"ImageObject\",\"inLanguage\":\"sv-SE\",\"@id\":\"https:\\\/\\\/euroclick.se\\\/sv\\\/tack-sa-mycket\\\/#primaryimage\",\"url\":\"https:\\\/\\\/euroclick.se\\\/wp-content\\\/uploads\\\/2024\\\/11\\\/Euroclick-Thank-you.webp\",\"contentUrl\":\"https:\\\/\\\/euroclick.se\\\/wp-content\\\/uploads\\\/2024\\\/11\\\/Euroclick-Thank-you.webp\",\"width\":1500,\"height\":1500},{\"@type\":\"BreadcrumbList\",\"@id\":\"https:\\\/\\\/euroclick.se\\\/sv\\\/tack-sa-mycket\\\/#breadcrumb\",\"itemListElement\":[{\"@type\":\"ListItem\",\"position\":1,\"name\":\"Home\",\"item\":\"https:\\\/\\\/euroclick.se\\\/sv\\\/\"},{\"@type\":\"ListItem\",\"position\":2,\"name\":\"Tack s\u00e5 mycket\"}]},{\"@type\":\"WebSite\",\"@id\":\"https:\\\/\\\/euroclick.se\\\/sv\\\/#website\",\"url\":\"https:\\\/\\\/euroclick.se\\\/sv\\\/\",\"name\":\"EuroClick\",\"description\":\"Web, E-commerce and Marketing Solutions\",\"publisher\":{\"@id\":\"https:\\\/\\\/euroclick.se\\\/sv\\\/#organization\"},\"alternateName\":\"EuroClick IT\",\"potentialAction\":[{\"@type\":\"SearchAction\",\"target\":{\"@type\":\"EntryPoint\",\"urlTemplate\":\"https:\\\/\\\/euroclick.se\\\/sv\\\/?s={search_term_string}\"},\"query-input\":{\"@type\":\"PropertyValueSpecification\",\"valueRequired\":true,\"valueName\":\"search_term_string\"}}],\"inLanguage\":\"sv-SE\"},{\"@type\":\"Organization\",\"@id\":\"https:\\\/\\\/euroclick.se\\\/sv\\\/#organization\",\"name\":\"EuroScope\",\"alternateName\":\"EuroScope\",\"url\":\"https:\\\/\\\/euroclick.se\\\/sv\\\/\",\"logo\":{\"@type\":\"ImageObject\",\"inLanguage\":\"sv-SE\",\"@id\":\"https:\\\/\\\/euroclick.se\\\/sv\\\/#\\\/schema\\\/logo\\\/image\\\/\",\"url\":\"http:\\\/\\\/euroclick.se\\\/wp-content\\\/uploads\\\/2024\\\/10\\\/euroclick-euroscope.png\",\"contentUrl\":\"http:\\\/\\\/euroclick.se\\\/wp-content\\\/uploads\\\/2024\\\/10\\\/euroclick-euroscope.png\",\"width\":4000,\"height\":4000,\"caption\":\"EuroScope\"},\"image\":{\"@id\":\"https:\\\/\\\/euroclick.se\\\/sv\\\/#\\\/schema\\\/logo\\\/image\\\/\"},\"sameAs\":[\"https:\\\/\\\/www.facebook.com\\\/euroclick.ab\",\"https:\\\/\\\/www.linkedin.com\\\/company\\\/euroclick\\\/\"],\"description\":\"Digital Innovation Hub. Tech Solutions Simplified. Ideas Into Action.\",\"email\":\"info@euroclick.se\",\"telephone\":\"(+46) 765 8 \u2013 53 0 51\",\"legalName\":\"Euroscope AB\",\"publishingPrinciples\":\"https:\\\/\\\/euroclick.se\\\/terms-and-conditions\\\/\",\"actionableFeedbackPolicy\":\"https:\\\/\\\/euroclick.se\\\/privacy-and-cookie-policy\\\/\",\"correctionsPolicy\":\"https:\\\/\\\/euroclick.se\\\/privacy-and-cookie-policy\\\/\",\"ethicsPolicy\":\"https:\\\/\\\/euroclick.se\\\/privacy-and-cookie-policy\\\/\",\"diversityPolicy\":\"https:\\\/\\\/euroclick.se\\\/privacy-and-cookie-policy\\\/\"}]}<\/script>\n<!-- \/ Yoast SEO Premium plugin. -->","yoast_head_json":{"title":"Tack s\u00e5 mycket - EuroClick","description":"Tack f\u00f6r att du kontaktade EuroClick! Vi har f\u00e5tt ditt meddelande. Utforska v\u00e5ra tj\u00e4nster inom webbdesign, SEO, e-handel och marknadsf\u00f6ring f\u00f6r att hj\u00e4lpa dig","robots":{"index":"index","follow":"follow","max-snippet":"max-snippet:-1","max-image-preview":"max-image-preview:large","max-video-preview":"max-video-preview:-1"},"canonical":"https:\/\/euroclick.se\/sv\/tack-sa-mycket\/","og_locale":"sv_SE","og_type":"article","og_title":"Tack s\u00e5 mycket","og_description":"Tack f\u00f6r att du kontaktade EuroClick! Ditt meddelande har mottagits p\u00e5 ett framg\u00e5ngsrikt s\u00e4tt. Uppt\u00e4ck hur v\u00e5ra tj\u00e4nster inom webbdesign, SEO, e-handel och digital marknadsf\u00f6ring kan hj\u00e4lpa ditt f\u00f6retag att v\u00e4xa. Vi \u00e5terkommer till dig inom kort!","og_url":"https:\/\/euroclick.se\/sv\/tack-sa-mycket\/","og_site_name":"EuroClick","article_publisher":"https:\/\/www.facebook.com\/euroclick.ab","article_modified_time":"2024-11-28T10:20:23+00:00","og_image":[{"width":1500,"height":1500,"url":"https:\/\/euroclick.se\/wp-content\/uploads\/2024\/11\/Euroclick-Thank-you.webp","type":"image\/png"}],"twitter_card":"summary_large_image","schema":{"@context":"https:\/\/schema.org","@graph":[{"@type":"WebPage","@id":"https:\/\/euroclick.se\/sv\/tack-sa-mycket\/","url":"https:\/\/euroclick.se\/sv\/tack-sa-mycket\/","name":"Tack s\u00e5 mycket - EuroClick","isPartOf":{"@id":"https:\/\/euroclick.se\/sv\/#website"},"primaryImageOfPage":{"@id":"https:\/\/euroclick.se\/sv\/tack-sa-mycket\/#primaryimage"},"image":{"@id":"https:\/\/euroclick.se\/sv\/tack-sa-mycket\/#primaryimage"},"thumbnailUrl":"https:\/\/euroclick.se\/wp-content\/uploads\/2024\/11\/Euroclick-Thank-you.webp","datePublished":"2024-11-20T16:07:27+00:00","dateModified":"2024-11-28T10:20:23+00:00","description":"Tack f\u00f6r att du kontaktade EuroClick! Vi har f\u00e5tt ditt meddelande. Utforska v\u00e5ra tj\u00e4nster inom webbdesign, SEO, e-handel och marknadsf\u00f6ring f\u00f6r att hj\u00e4lpa dig","breadcrumb":{"@id":"https:\/\/euroclick.se\/sv\/tack-sa-mycket\/#breadcrumb"},"inLanguage":"sv-SE","potentialAction":[{"@type":"ReadAction","target":["https:\/\/euroclick.se\/sv\/tack-sa-mycket\/"]}]},{"@type":"ImageObject","inLanguage":"sv-SE","@id":"https:\/\/euroclick.se\/sv\/tack-sa-mycket\/#primaryimage","url":"https:\/\/euroclick.se\/wp-content\/uploads\/2024\/11\/Euroclick-Thank-you.webp","contentUrl":"https:\/\/euroclick.se\/wp-content\/uploads\/2024\/11\/Euroclick-Thank-you.webp","width":1500,"height":1500},{"@type":"BreadcrumbList","@id":"https:\/\/euroclick.se\/sv\/tack-sa-mycket\/#breadcrumb","itemListElement":[{"@type":"ListItem","position":1,"name":"Home","item":"https:\/\/euroclick.se\/sv\/"},{"@type":"ListItem","position":2,"name":"Tack s\u00e5 mycket"}]},{"@type":"WebSite","@id":"https:\/\/euroclick.se\/sv\/#website","url":"https:\/\/euroclick.se\/sv\/","name":"EuroClick","description":"Web, E-commerce and Marketing Solutions","publisher":{"@id":"https:\/\/euroclick.se\/sv\/#organization"},"alternateName":"EuroClick IT","potentialAction":[{"@type":"SearchAction","target":{"@type":"EntryPoint","urlTemplate":"https:\/\/euroclick.se\/sv\/?s={search_term_string}"},"query-input":{"@type":"PropertyValueSpecification","valueRequired":true,"valueName":"search_term_string"}}],"inLanguage":"sv-SE"},{"@type":"Organization","@id":"https:\/\/euroclick.se\/sv\/#organization","name":"EuroScope","alternateName":"EuroScope","url":"https:\/\/euroclick.se\/sv\/","logo":{"@type":"ImageObject","inLanguage":"sv-SE","@id":"https:\/\/euroclick.se\/sv\/#\/schema\/logo\/image\/","url":"http:\/\/euroclick.se\/wp-content\/uploads\/2024\/10\/euroclick-euroscope.png","contentUrl":"http:\/\/euroclick.se\/wp-content\/uploads\/2024\/10\/euroclick-euroscope.png","width":4000,"height":4000,"caption":"EuroScope"},"image":{"@id":"https:\/\/euroclick.se\/sv\/#\/schema\/logo\/image\/"},"sameAs":["https:\/\/www.facebook.com\/euroclick.ab","https:\/\/www.linkedin.com\/company\/euroclick\/"],"description":"Digital Innovation Hub. Tech Solutions Simplified. Ideas Into Action.","email":"info@euroclick.se","telephone":"(+46) 765 8 \u2013 53 0 51","legalName":"Euroscope AB","publishingPrinciples":"https:\/\/euroclick.se\/terms-and-conditions\/","actionableFeedbackPolicy":"https:\/\/euroclick.se\/privacy-and-cookie-policy\/","correctionsPolicy":"https:\/\/euroclick.se\/privacy-and-cookie-policy\/","ethicsPolicy":"https:\/\/euroclick.se\/privacy-and-cookie-policy\/","diversityPolicy":"https:\/\/euroclick.se\/privacy-and-cookie-policy\/"}]}},"_links":{"self":[{"href":"https:\/\/euroclick.se\/sv\/wp-json\/wp\/v2\/pages\/6355","targetHints":{"allow":["GET"]}}],"collection":[{"href":"https:\/\/euroclick.se\/sv\/wp-json\/wp\/v2\/pages"}],"about":[{"href":"https:\/\/euroclick.se\/sv\/wp-json\/wp\/v2\/types\/page"}],"author":[{"embeddable":true,"href":"https:\/\/euroclick.se\/sv\/wp-json\/wp\/v2\/users\/2"}],"replies":[{"embeddable":true,"href":"https:\/\/euroclick.se\/sv\/wp-json\/wp\/v2\/comments?post=6355"}],"version-history":[{"count":1,"href":"https:\/\/euroclick.se\/sv\/wp-json\/wp\/v2\/pages\/6355\/revisions"}],"predecessor-version":[{"id":6358,"href":"https:\/\/euroclick.se\/sv\/wp-json\/wp\/v2\/pages\/6355\/revisions\/6358"}],"wp:featuredmedia":[{"embeddable":true,"href":"https:\/\/euroclick.se\/sv\/wp-json\/wp\/v2\/media\/6356"}],"wp:attachment":[{"href":"https:\/\/euroclick.se\/sv\/wp-json\/wp\/v2\/media?parent=6355"}],"curies":[{"name":"wp","href":"https:\/\/api.w.org\/{rel}","templated":true}]}}